{"id":35142,"date":"2020-10-22T08:54:06","date_gmt":"2020-10-22T06:54:06","guid":{"rendered":"https:\/\/olimpijski.pl\/?page_id=35142"},"modified":"2023-04-25T12:57:20","modified_gmt":"2023-04-25T10:57:20","slug":"general-secretary","status":"publish","type":"page","link":"https:\/\/olimpijski.pl\/en\/pkol\/authorities-of-the-polish-olympic-committee\/general-secretary\/","title":{"rendered":"Secretary General"},"content":{"rendered":"\n<h1 class=\"main-title wp-block-heading\"><strong><strong>Secretary <\/strong><\/strong>General<\/h1>\n\n\n\n<p>&nbsp;<\/p>\n\n\n\n<h2 class=\"wp-block-heading\"><strong>Marek Pa\u0142us<\/strong><\/h2>\n\n\n<div class=\"wp-block-image\">\n<figure class=\"alignleft size-large is-resized\"><img loading=\"lazy\" decoding=\"async\" src=\"https:\/\/olimpijski.pl\/wp-content\/uploads\/2023\/04\/Palus_Marek-1024x753.jpg\" alt=\"\" class=\"wp-image-67617\" width=\"568\" height=\"416\" srcset=\"https:\/\/olimpijski.pl\/wp-content\/uploads\/2023\/04\/Palus_Marek-300x221.jpg 300w, https:\/\/olimpijski.pl\/wp-content\/uploads\/2023\/04\/Palus_Marek.jpg 1536w\" sizes=\"(max-width: 568px) 100vw, 568px\" \/><\/figure><\/div>\n\n\n<p>A graduate of the Faculty of Law and Administration at the University of Silesia in Katowice. He has been a legal counsel since 1994. In 1998-2001, he was the President of the Management Board of Fundusz G\u00f3rno\u015bl\u0105ski SA in Katowice.<\/p>\n\n\n\n<p>A member of the supervisory boards of the following companies:<\/p>\n\n\n\n<p>&#8211; Zak\u0142ad Energetyczny Tarn\u00f3w SA,<br>&#8211; Huta \u0141aziska SA,<br>&#8211; G\u00f3rno\u015bl\u0105ski Fundusz Restrukturyzacyjny SA,<br>&#8211; Inwestor G\u00f3rno\u015bl\u0105ski SA,<br>&#8211; Polska Liga Koszyk\u00f3wki SA.<\/p>\n\n\n\n<p>In 2000-2006 he was the President of the Polish Basketball Federation.<\/p>\n\n\n\n<p>In 2001-2010 a member of the Management Board of the International Basketball Federation FIBA-Europe. From 2002 to 2010, the President of the FIBA-Europe Legal Commission and a member of the International Legal Commission of the FIBA International Basketball Federation in Geneva.<\/p>\n\n\n\n<p>Since 2014 he has been a member, and since 2019 a chairman of the Appeals Committee of the International Basketball Federation in Geneva. Since 2019 a vice-chairman of the Disciplinary Committee of the International Ice Hockey Federation and since 2018, an arbitrator of the Court of Arbitration for Sport (CAS) in Lausanne.<\/p>\n\n\n\n<p>He has been an expert of the committees and subcommittees of the Polish Parliament regarding work on amendments to the Law on Physical Culture, as well as the Law on Qualified Sports and the Law on Sports. He knows the following foreign languages: English, German and Russian.<\/p>\n","protected":false},"excerpt":{"rendered":"<p>Secretary General &nbsp; Marek Pa\u0142us A graduate of the Faculty of Law and Administration at the University of Silesia in Katowice. He<\/p>\n","protected":false},"author":1,"featured_media":0,"parent":35139,"menu_order":0,"comment_status":"closed","ping_status":"closed","template":"","meta":{"_acf_changed":false,"ub_ctt_via":"","footnotes":""},"class_list":{"0":"post-35142","1":"page","2":"type-page","3":"status-publish","5":"infinite-scroll-item","6":"no-featured-image-padding"},"acf":{"special_bg_img":false,"hide_breadcrumbs":[]},"featured_image_src":null,"_links":{"self":[{"href":"https:\/\/olimpijski.pl\/en\/wp-json\/wp\/v2\/pages\/35142"}],"collection":[{"href":"https:\/\/olimpijski.pl\/en\/wp-json\/wp\/v2\/pages"}],"about":[{"href":"https:\/\/olimpijski.pl\/en\/wp-json\/wp\/v2\/types\/page"}],"author":[{"embeddable":true,"href":"https:\/\/olimpijski.pl\/en\/wp-json\/wp\/v2\/users\/1"}],"replies":[{"embeddable":true,"href":"https:\/\/olimpijski.pl\/en\/wp-json\/wp\/v2\/comments?post=35142"}],"version-history":[{"count":7,"href":"https:\/\/olimpijski.pl\/en\/wp-json\/wp\/v2\/pages\/35142\/revisions"}],"predecessor-version":[{"id":67710,"href":"https:\/\/olimpijski.pl\/en\/wp-json\/wp\/v2\/pages\/35142\/revisions\/67710"}],"up":[{"embeddable":true,"href":"https:\/\/olimpijski.pl\/en\/wp-json\/wp\/v2\/pages\/35139"}],"wp:attachment":[{"href":"https:\/\/olimpijski.pl\/en\/wp-json\/wp\/v2\/media?parent=35142"}],"curies":[{"name":"wp","href":"https:\/\/api.w.org\/{rel}","templated":true}]}}