{"id":35203,"date":"2020-10-23T03:57:16","date_gmt":"2020-10-23T01:57:16","guid":{"rendered":"https:\/\/olimpijski.pl\/?page_id=35203"},"modified":"2023-04-24T13:36:31","modified_gmt":"2023-04-24T11:36:31","slug":"the-board-of-the-polish-olympic-committee","status":"publish","type":"page","link":"https:\/\/olimpijski.pl\/en\/pkol\/authorities-of-the-polish-olympic-committee\/the-board-of-the-polish-olympic-committee\/","title":{"rendered":"The Board of the Polish Olympic Committee"},"content":{"rendered":"\n<h1 class=\"main-title wp-block-heading\"><strong>The Executive Board<\/strong> of the NOC of Poland<\/h1>\n\n\n\n<h3 class=\"wp-block-heading\"><br><br><strong>Members of the Polish Olympic Committee Executive Board \u2013 from the list of the Polish Olympic Sport Federations<\/strong><\/h3>\n\n\n\n<figure class=\"wp-block-table is-style-regular\"><table><tbody><tr><td>GRZEGORZ BACHANSKI<br>ANNA BAJAN<br>JOZEF BASCIUK<br>LESZEK BLANIK<br>TOMASZ CHAMERA<br>ARTUR CHMIELARZ<br>ANTONI CZYZYK<br>RADOS\u0141AW FRANCZAK<br>WALDEMAR GOSPODAREK<br>RAFA\u0141 GROTOWSKI<br>ADAM GORECKI<br>ZDZIS\u0141AW INGIELEWICZ<br>OTYLIA J\u0118DRZEJCZAK<\/td><td>MARIAN KMITA<br>ADAM KONOPKA<br>ADAM KOROL<br>GRZEGORZ KOTOWICZ<br>CEZARY KULESZA<br>TOMASZ KWIECIEN<br>RAFA\u0141 MAKOWSKI<br>ADAM MA\u0141YSZ<br>MIROS\u0141AW MINKINA<br>RYSZARD NIEDZWIEDZKI<br>GRZEGORZ NOWACZEK<br>DARIUSZ OLSZEWSKI<br>HENRYK OLSZEWSKI<\/td><td>BARTOSZ PISAREK<br>TOMASZ POREBA<br>PIOTR PUSTELNIK<br>JAN SADOWSKI<br>MACIEJ SOKOLOWSKI<br>HENRYK SZCZEPANSKI<br>DARIUSZ SZUMACHER<br>FILIP SZOLOWSKI<br>OSKAR SZRAJER<br>JACEK TASCHER<br>RAFA\u0141 TATARUCH<br>SZCZEPAN MAREK WI\u015aNIOWSKI<br>JACEK ZAWADKA<\/td><\/tr><\/tbody><\/table><\/figure>\n\n\n\n<h3 class=\"wp-block-heading\"><br><strong>Members of the <strong>Polish Olympic Committee<\/strong> Executive Board \u2013 from the list of the Polish Olympians\u2019 Association<\/strong><\/h3>\n\n\n\n<figure class=\"wp-block-table\"><table><tbody><tr><td>KAJETAN BRONIEWSKI<br>ZBIGNIEW BRODKA<br>JERZY GARPIEL<br>TOMASZ KUCHARSKI<\/td><td>TOMASZ MAJEWSKI<br>RENATA MAUER\u2013ROZANSKA<br>TADEUSZ MYTNIK<br>MIECZYS\u0141AW NOWICKI<\/td><td>JANUSZ GERARD PECIAK<br>TERESA SUKNIEWICZ-KLEIBER<br>ANDRZEJ SUPRON<br>STANIS\u0141AWA WACHALA<\/td><\/tr><\/tbody><\/table><\/figure>\n\n\n\n<div style=\"height:27px\" aria-hidden=\"true\" class=\"wp-block-spacer\"><\/div>\n\n\n\n<h3 class=\"wp-block-heading\"><strong>Members of the <strong>Polish Olympic Committee<\/strong> Executive Board &#8211; from the list of the Competition Commission of the POC<\/strong><\/h3>\n\n\n\n<p>AGNIESZKA KOBUS-ZAWOJSKA<\/p>\n\n\n\n<div style=\"height:29px\" aria-hidden=\"true\" class=\"wp-block-spacer\"><\/div>\n\n\n\n<h3 class=\"wp-block-heading\"><strong>Members of the <strong>Polish Olympic Committee<\/strong> Executive Board &#8211; from the list of the additional candidates submitted by sport federations and organizations<\/strong><\/h3>\n\n\n\n<p>LESZEK CICHOCKI<br>ZENON DAGIEL<br>MAREK KRAJEWSKI<br>KS. EDWARD PLEN<br>PAWE\u0141 SZABELEWSKI<br>BOGUS\u0141AW WITKOWSKI<br><br><\/p>\n","protected":false},"excerpt":{"rendered":"<p>The Executive Board of the NOC of Poland Members of the Polish Olympic Committee Executive Board \u2013 from the list of the<\/p>\n","protected":false},"author":1,"featured_media":0,"parent":35139,"menu_order":0,"comment_status":"closed","ping_status":"closed","template":"","meta":{"_acf_changed":false,"ub_ctt_via":"","footnotes":""},"class_list":{"0":"post-35203","1":"page","2":"type-page","3":"status-publish","5":"infinite-scroll-item","6":"no-featured-image-padding"},"acf":{"special_bg_img":false,"hide_breadcrumbs":[]},"featured_image_src":null,"_links":{"self":[{"href":"https:\/\/olimpijski.pl\/en\/wp-json\/wp\/v2\/pages\/35203"}],"collection":[{"href":"https:\/\/olimpijski.pl\/en\/wp-json\/wp\/v2\/pages"}],"about":[{"href":"https:\/\/olimpijski.pl\/en\/wp-json\/wp\/v2\/types\/page"}],"author":[{"embeddable":true,"href":"https:\/\/olimpijski.pl\/en\/wp-json\/wp\/v2\/users\/1"}],"replies":[{"embeddable":true,"href":"https:\/\/olimpijski.pl\/en\/wp-json\/wp\/v2\/comments?post=35203"}],"version-history":[{"count":6,"href":"https:\/\/olimpijski.pl\/en\/wp-json\/wp\/v2\/pages\/35203\/revisions"}],"predecessor-version":[{"id":67581,"href":"https:\/\/olimpijski.pl\/en\/wp-json\/wp\/v2\/pages\/35203\/revisions\/67581"}],"up":[{"embeddable":true,"href":"https:\/\/olimpijski.pl\/en\/wp-json\/wp\/v2\/pages\/35139"}],"wp:attachment":[{"href":"https:\/\/olimpijski.pl\/en\/wp-json\/wp\/v2\/media?parent=35203"}],"curies":[{"name":"wp","href":"https:\/\/api.w.org\/{rel}","templated":true}]}}