{"id":35837,"date":"2020-11-16T15:44:23","date_gmt":"2020-11-16T14:44:23","guid":{"rendered":"https:\/\/olimpijski.pl\/?page_id=35837"},"modified":"2020-11-17T14:27:22","modified_gmt":"2020-11-17T13:27:22","slug":"the-galeria-1","status":"publish","type":"page","link":"https:\/\/olimpijski.pl\/en\/the-olympic-center\/the-galeria-1\/","title":{"rendered":"The Galeria (-1)"},"content":{"rendered":"\n<p><br><\/p>\n\n\n\n<div class=\"wp-block-media-text is-stacked-on-mobile\" style=\"grid-template-columns:29% auto\"><figure class=\"wp-block-media-text__media\"><img loading=\"lazy\" decoding=\"async\" width=\"250\" height=\"127\" src=\"https:\/\/olimpijski.pl\/wp-content\/uploads\/2020\/09\/L01lZGlhL0xpYnJhcnkvZ2FsZXJpYS0xLmpwZw.jpg\" alt=\"\" class=\"wp-image-28742\"\/><\/figure><div class=\"wp-block-media-text__content\">\n<h2 class=\"wp-block-heading\"><em><strong><strong><em>\u201cIf you haven\u2019t come here yet, then please do so as soon as you can. If you have, then please come again.\u201d<\/em><\/strong><\/strong><\/em><\/h2>\n<\/div><\/div>\n\n\n\n<hr class=\"wp-block-separator is-style-wide\"\/>\n\n\n\n<div style=\"height:38px\" aria-hidden=\"true\" class=\"wp-block-spacer\"><\/div>\n\n\n\n<p>The Polish Olympic Committee can be justifiably proud of its impressive modern art gallery. Galeria (-1) opened in 2006. This exceptional venue holds painting, graphics, sculpture and photography exhibitions, many of which are related to the world of sport. People associated with the worlds of sport and art come to Galeria (-1) vernissages. And there are quite a few Olympians among them. Galeria (-1) is a place where these two worlds, which have always inspired each other and lived in symbiosis, come together.<\/p>\n\n\n\n<hr class=\"wp-block-separator is-style-wide\"\/>\n\n\n\n<h2 class=\"wp-block-heading\"><strong><strong>Conservators<\/strong><\/strong><\/h2>\n\n\n\n<h3 class=\"wp-block-heading\"><strong>KAMA ZBORALSKA<\/strong><\/h3>\n\n\n\n<p>is a member of the POC Olympic Culture and Education Commission, and was one of the initiators behind Galeria (-1), she curates most of the exhibitions. Kama is a journalist who promotes sport and is the author of <em>The Art of Investing in Art <\/em>[Sztuka inwestowanie w sztuk\u0119], the album <em>101 Contemporary Polish Artists: Outstanding, Recognized, and Starting Out <\/em>[101 polskich artyst\u00f3w wsp\u00f3\u0142czesnych. Wybitnych, uznanych, debiutuj\u0105cych], and the POC album<em>Galeria (-1): Modern Art Exhibitions 2006-2016<\/em> [Galeria (-1) Wystawy sztuki wsp\u00f3\u0142czesnej 2006-2016].<\/p>\n\n\n\n<h3 class=\"wp-block-heading\"><strong>MAGDALENA REJF<\/strong><\/h3>\n\n\n\n<p>is the secretary of the POC Olympic Culture and Education Commission. She organizes exhibitions on behalf of the POC and records all exhibitions in the POC commemorative book. Magdalena was the direct coordinator of the POC album <em>Galeria (-1) Modern Art Exhibitions 2006-2016<\/em>, published to commemorate the ghallery\u2019s tenth anniversary.<\/p>\n\n\n\n<h3 class=\"wp-block-heading\"><strong>LESZEK FIDUSIEWICZ<\/strong><\/h3>\n\n\n\n<p>a former decathlete, Leszek is one of Poland&#8217;s leading sports photographers. He has won numerous prestigious competitions, was a gold medalist at the Olympic Art Contest in Moscow (1980), and was awarded the Olympic Laurel for lifetime achievement. Leszek is a member of the Olympic Culture and Education Commission. He is responsible for documenting Galeria (-1) exhibitions.<\/p>\n\n\n\n<p><\/p>\n\n\n\n<hr class=\"wp-block-separator is-style-wide\"\/>\n\n\n\n<p><br><\/p>\n\n\n\n<div class=\"wp-block-media-text is-stacked-on-mobile\" style=\"grid-template-columns:38% auto\"><figure class=\"wp-block-media-text__media\"><img loading=\"lazy\" decoding=\"async\" width=\"1024\" height=\"668\" src=\"https:\/\/olimpijski.pl\/wp-content\/uploads\/2020\/09\/20200929SS_magda_rejf-1024x668.jpg\" alt=\"\" class=\"wp-image-29533\" srcset=\"https:\/\/olimpijski.pl\/wp-content\/uploads\/2020\/09\/20200929SS_magda_rejf-1024x668.jpg 1024w, https:\/\/olimpijski.pl\/wp-content\/uploads\/2020\/09\/20200929SS_magda_rejf-300x196.jpg 300w, https:\/\/olimpijski.pl\/wp-content\/uploads\/2020\/09\/20200929SS_magda_rejf-768x501.jpg 768w, https:\/\/olimpijski.pl\/wp-content\/uploads\/2020\/09\/20200929SS_magda_rejf-1536x1001.jpg 1536w, https:\/\/olimpijski.pl\/wp-content\/uploads\/2020\/09\/20200929SS_magda_rejf.jpg 1600w\" sizes=\"(max-width: 1024px) 100vw, 1024px\" \/><\/figure><div class=\"wp-block-media-text__content\">\n<h2 class=\"wp-block-heading\"><strong><strong>Magdalena Rejf \u2013 <strong>Manager, Curator, Secretary of the POC Olympic Culture and Education Commission:<\/strong><\/strong><\/strong><\/h2>\n\n\n\n<p class=\"has-normal-font-size\"><em><em>The gallery is part of the Olympic Center \u2013 an architectural creation of Bogdan Kulczy\u0144ski. Igor Mitoraj\u2019s brilliantly sculpted Ikaro Alato invites us inside.<\/em><\/em><\/p>\n<\/div><\/div>\n\n\n<div class=\"wp-block-ub-content-toggle wp-block-ub-content-toggle-block\" id=\"ub-content-toggle-block-1560f821-c593-4f53-98be-a60e866c32f2\" data-mobilecollapse=\"false\" data-desktopcollapse=\"true\" data-preventcollapse=\"false\" data-showonlyone=\"false\">\n<div class=\"no-border wp-block-ub-content-toggle-accordion\" style=\"border-color: #fcb900;\" id=\"ub-content-toggle-panel-block-\">\n\t\t\t<div class=\"wp-block-ub-content-toggle-accordion-title-wrap\" style=\"background-color: #fcb900;\" aria-controls=\"ub-content-toggle-panel-0-1560f821-c593-4f53-98be-a60e866c32f2\" tabindex=\"0\">\n\t\t\t<h6 class=\"wp-block-ub-content-toggle-accordion-title ub-content-toggle-title-1560f821-c593-4f53-98be-a60e866c32f2\" style=\"color: #000000; \">Read more &#8230;<\/h6>\n\t\t\t<div class=\"wp-block-ub-content-toggle-accordion-toggle-wrap right\" style=\"color: #000000;\"><span class=\"wp-block-ub-content-toggle-accordion-state-indicator wp-block-ub-chevron-down\"><\/span><\/div>\n\t\t<\/div>\n\t\t\t<div role=\"region\" aria-expanded=\"false\" class=\"wp-block-ub-content-toggle-accordion-content-wrap ub-hide\" id=\"ub-content-toggle-panel-0-1560f821-c593-4f53-98be-a60e866c32f2\">\n\n<p>\u2013 The building is quite spacious. There are six floors, each with its own designation and sporting spirit. Sport is art. The athlete is its work \u2013 and beauty is inextricably linked with it.<\/p>\n\n\n\n<p>To visit the gallery, you take the elevator to floor -1. The semi-elliptical floor space is just right. There are several cylindrical pillars. A semicircular stairway leads there from the lobby. The grayness of the walls does not impose, dictate or even suggest anything. The shimmering overhead lighting, reflected from an external stream of water, stimulates the imagination and lures you to the imaginative exhibits.<\/p>\n\n\n\n<p>So say the artists, the best of the best. Just like us, they have fallen in love with this place and have been with us for more than ten years. It is thanks to them that Galeria (-1) has seamlessly blended into the artistic life of the capital. Eminent artists exhibit here and some very special people come here. Together, we can appreciate the combination of imagination, talent, technical prowess, precision, perseverance and strength, which, as in communicating vessels, constitutes a unity and something that has been loved and admired for centuries \u2013 sport\/art\/sport\/art \u2026<\/p>\n\n<\/div>\n\t\t<\/div>\n<\/div>\n\n\n<hr class=\"wp-block-separator is-style-wide\"\/>\n\n\n\n<p><\/p>\n\n\n\n<div class=\"wp-block-media-text is-stacked-on-mobile\" style=\"grid-template-columns:38% auto\"><figure class=\"wp-block-media-text__media\"><img loading=\"lazy\" decoding=\"async\" width=\"1024\" height=\"666\" src=\"https:\/\/olimpijski.pl\/wp-content\/uploads\/2020\/10\/KAMA_ZBORALSKA_1600-1024x666.jpg\" alt=\"\" class=\"wp-image-29698\" srcset=\"https:\/\/olimpijski.pl\/wp-content\/uploads\/2020\/10\/KAMA_ZBORALSKA_1600-1024x666.jpg 1024w, https:\/\/olimpijski.pl\/wp-content\/uploads\/2020\/10\/KAMA_ZBORALSKA_1600-300x195.jpg 300w, https:\/\/olimpijski.pl\/wp-content\/uploads\/2020\/10\/KAMA_ZBORALSKA_1600-768x499.jpg 768w, https:\/\/olimpijski.pl\/wp-content\/uploads\/2020\/10\/KAMA_ZBORALSKA_1600-1536x998.jpg 1536w, https:\/\/olimpijski.pl\/wp-content\/uploads\/2020\/10\/KAMA_ZBORALSKA_1600.jpg 1600w\" sizes=\"(max-width: 1024px) 100vw, 1024px\" \/><\/figure><div class=\"wp-block-media-text__content\">\n<h2 class=\"wp-block-heading\"><strong><strong><strong>Kama Zboralska \u2013 Curator<\/strong><\/strong><\/strong><\/h2>\n\n\n\n<p class=\"has-normal-font-size\"><em><em>Galeria (-1) is a recognized modern art venue that is not only highly regarded by budding admirers of beauty, but also by the cognoscenti. It is common knowledge that it is not all that easy to attract renowned artists to a gallery that does not have an established reputation.<\/em><\/em><\/p>\n<\/div><\/div>\n\n\n<div class=\"wp-block-ub-content-toggle wp-block-ub-content-toggle-block\" id=\"ub-content-toggle-block-55b579e2-7afd-4c62-9c65-40e96c5e99df\" data-mobilecollapse=\"false\" data-desktopcollapse=\"true\" data-preventcollapse=\"false\" data-showonlyone=\"false\">\n<div class=\"no-border wp-block-ub-content-toggle-accordion\" style=\"border-color: #fcb900;\" id=\"ub-content-toggle-panel-block-\">\n\t\t\t<div class=\"wp-block-ub-content-toggle-accordion-title-wrap\" style=\"background-color: #fcb900;\" aria-controls=\"ub-content-toggle-panel-0-55b579e2-7afd-4c62-9c65-40e96c5e99df\" tabindex=\"0\">\n\t\t\t<h6 class=\"wp-block-ub-content-toggle-accordion-title ub-content-toggle-title-55b579e2-7afd-4c62-9c65-40e96c5e99df\" style=\"color: #000000; \">Read more &#8230;<\/h6>\n\t\t\t<div class=\"wp-block-ub-content-toggle-accordion-toggle-wrap right\" style=\"color: #000000;\"><span class=\"wp-block-ub-content-toggle-accordion-state-indicator wp-block-ub-chevron-down\"><\/span><\/div>\n\t\t<\/div>\n\t\t\t<div role=\"region\" aria-expanded=\"false\" class=\"wp-block-ub-content-toggle-accordion-content-wrap ub-hide\" id=\"ub-content-toggle-panel-0-55b579e2-7afd-4c62-9c65-40e96c5e99df\">\n\n<p>\u2013 The late Miros\u0142awa Arens, owner of one of Warsaw\u2019s oldest galleries, \u201cZapiecek\u201d, came to our aid. It is thanks to her that works by such luminaries as Stefan Fija\u0142kowski, Jerzy Tch\u00f3rzewski, Stefan Gierowski made their appearance in our space. Once the bar had been set that high, there was a certain level below which we could not go.<\/p>\n\n\n\n<p>The \u201cWilkoniada\u201d exhibition opened the J\u00f3zef Wilko\u0144 jubilee year celebrations here in 2015. Wilko\u0144 was 85 at the time. The vernissage was packed. And no wonder. This versatile artist is universally and deservedly loved and esteemed. Andrzej \u201cDudi\u201d Dudzi\u0144ski, who is highly regarded both within and without Poland, launched the celebrations of his 50 years of creative activity here too. A film documenting his career was screened in the POC cinema hall at the vernissage. We also had an opportunity to watch the film <em>In Absolute Silence<\/em> [ W absolutnej ciszy], which graced a vernissage of the exceptional painter, Konrad Jarodzki. The film has won prizes at several film festivals.<\/p>\n\n\n\n<p>Galeria (-1) has hosted many renowned artists, including Stanis\u0142aw Baj, Wies\u0142aw Szamborski, Wojciech Sadley, Bronis\u0142aw Krzysztof, and Wiktor Gajda. It would be hard to mention them all. Importantly, the younger generation is also promoted at the gallery. Micha\u0142 Chudzicki, Pawe\u0142 Dunal, and Mateusz Szczypi\u0144ski are among those who have exhibited here. For several years now, we have also held an exhibition to accompany the Young Art Compass rankings. These have been published in Rzeczpospolita for over 10 years. Every exhibition is an extraordinary display of leading young artists. We work with the Academy of Fine Arts in Warsaw, as well as other galleries in the capital. Collective and individual exhibitions by AFA teachers are held at Galeria (-1).<\/p>\n\n\n\n<p>Galeria (-1) obviously holds exhibitions dedicated to Olympians. These include a photographic exhibition of seven-time Olympic medalist Irena Szewi\u0144ska (2008), and <em>Beauty and Strenght<\/em> [Pi\u0119kno i Si\u0142a] (2009), which comprised artistic creations by Polish Olympic athletes in 1924-2008. And the multimedia exhibition to mark the 15th anniversary of Kamila Skolimowska\u2019s Olympic gold medal in 2000 was not only popular among sports fans. Galeria (-1) has been invited to take part in major cultural events, e.g. the 2011 Warsaw Festival of Art, and the extraordinarily popular cultural event, Night of the Museums.<\/p>\n\n<\/div>\n\t\t<\/div>\n<\/div>\n\n\n<hr class=\"wp-block-separator is-style-wide\"\/>\n\n\n\n<h3 class=\"wp-block-heading\"><strong><strong>Opening Hours<\/strong>:<strong> 9:00 \u2013 20:00 Daily. Free Admission<\/strong><\/strong><\/h3>\n\n\n\n<hr class=\"wp-block-separator is-style-wide\"\/>\n\n\n\n<h3 class=\"wp-block-heading\"><br><\/h3>\n\n\n\n<figure class=\"wp-block-gallery columns-3 is-cropped wp-block-gallery-1 is-layout-flex wp-block-gallery-is-layout-flex\"><ul class=\"blocks-gallery-grid\"><li class=\"blocks-gallery-item\"><figure><img loading=\"lazy\" decoding=\"async\" width=\"1024\" height=\"682\" src=\"https:\/\/olimpijski.pl\/wp-content\/uploads\/2020\/10\/Janusz-Szewinski-2008-1024x682.jpg\" alt=\"\" data-id=\"29981\" data-full-url=\"https:\/\/olimpijski.pl\/wp-content\/uploads\/2020\/10\/Janusz-Szewinski-2008.jpg\" data-link=\"https:\/\/olimpijski.pl\/centrum-olimpijskie\/galeria-minus-jeden\/janusz-szewinski-2008-2\/#main\" class=\"wp-image-29981\" srcset=\"https:\/\/olimpijski.pl\/wp-content\/uploads\/2020\/10\/Janusz-Szewinski-2008-1024x682.jpg 1024w, https:\/\/olimpijski.pl\/wp-content\/uploads\/2020\/10\/Janusz-Szewinski-2008-300x200.jpg 300w, https:\/\/olimpijski.pl\/wp-content\/uploads\/2020\/10\/Janusz-Szewinski-2008-768x511.jpg 768w, https:\/\/olimpijski.pl\/wp-content\/uploads\/2020\/10\/Janusz-Szewinski-2008-1536x1022.jpg 1536w, https:\/\/olimpijski.pl\/wp-content\/uploads\/2020\/10\/Janusz-Szewinski-2008-600x400.jpg 600w, https:\/\/olimpijski.pl\/wp-content\/uploads\/2020\/10\/Janusz-Szewinski-2008-1200x800.jpg 1200w, https:\/\/olimpijski.pl\/wp-content\/uploads\/2020\/10\/Janusz-Szewinski-2008.jpg 2048w\" sizes=\"(max-width: 1024px) 100vw, 1024px\" \/><\/figure><\/li><li class=\"blocks-gallery-item\"><figure><img loading=\"lazy\" decoding=\"async\" width=\"1024\" height=\"768\" src=\"https:\/\/olimpijski.pl\/wp-content\/uploads\/2020\/10\/Andrzej-Dudzinski-Dudi-2019-1024x768.jpg\" alt=\"\" data-id=\"29973\" data-full-url=\"https:\/\/olimpijski.pl\/wp-content\/uploads\/2020\/10\/Andrzej-Dudzinski-Dudi-2019.jpg\" data-link=\"https:\/\/olimpijski.pl\/centrum-olimpijskie\/galeria-minus-jeden\/andrzej-dudzinski-dudi-2019-2\/#main\" class=\"wp-image-29973\" srcset=\"https:\/\/olimpijski.pl\/wp-content\/uploads\/2020\/10\/Andrzej-Dudzinski-Dudi-2019-1024x768.jpg 1024w, https:\/\/olimpijski.pl\/wp-content\/uploads\/2020\/10\/Andrzej-Dudzinski-Dudi-2019-300x225.jpg 300w, https:\/\/olimpijski.pl\/wp-content\/uploads\/2020\/10\/Andrzej-Dudzinski-Dudi-2019-768x576.jpg 768w, https:\/\/olimpijski.pl\/wp-content\/uploads\/2020\/10\/Andrzej-Dudzinski-Dudi-2019-1536x1152.jpg 1536w, https:\/\/olimpijski.pl\/wp-content\/uploads\/2020\/10\/Andrzej-Dudzinski-Dudi-2019.jpg 2048w\" sizes=\"(max-width: 1024px) 100vw, 1024px\" \/><\/figure><\/li><li class=\"blocks-gallery-item\"><figure><img loading=\"lazy\" decoding=\"async\" width=\"1024\" height=\"768\" src=\"https:\/\/olimpijski.pl\/wp-content\/uploads\/2020\/10\/Bozena-Lesiak-Kama-Zboralska-Kajetan-Hadzelek-1024x768.jpg\" alt=\"\" data-id=\"29975\" data-full-url=\"https:\/\/olimpijski.pl\/wp-content\/uploads\/2020\/10\/Bozena-Lesiak-Kama-Zboralska-Kajetan-Hadzelek.jpg\" data-link=\"https:\/\/olimpijski.pl\/centrum-olimpijskie\/galeria-minus-jeden\/bozena-lesiak-kama-zboralska-kajetan-hadzelek\/#main\" class=\"wp-image-29975\" srcset=\"https:\/\/olimpijski.pl\/wp-content\/uploads\/2020\/10\/Bozena-Lesiak-Kama-Zboralska-Kajetan-Hadzelek-1024x768.jpg 1024w, https:\/\/olimpijski.pl\/wp-content\/uploads\/2020\/10\/Bozena-Lesiak-Kama-Zboralska-Kajetan-Hadzelek-300x225.jpg 300w, https:\/\/olimpijski.pl\/wp-content\/uploads\/2020\/10\/Bozena-Lesiak-Kama-Zboralska-Kajetan-Hadzelek-768x576.jpg 768w, https:\/\/olimpijski.pl\/wp-content\/uploads\/2020\/10\/Bozena-Lesiak-Kama-Zboralska-Kajetan-Hadzelek-1536x1152.jpg 1536w, https:\/\/olimpijski.pl\/wp-content\/uploads\/2020\/10\/Bozena-Lesiak-Kama-Zboralska-Kajetan-Hadzelek.jpg 1600w\" sizes=\"(max-width: 1024px) 100vw, 1024px\" \/><\/figure><\/li><li class=\"blocks-gallery-item\"><figure><img loading=\"lazy\" decoding=\"async\" width=\"1024\" height=\"683\" src=\"https:\/\/olimpijski.pl\/wp-content\/uploads\/2020\/10\/Iwona-Cur-2016-1024x683.jpg\" alt=\"\" data-id=\"29977\" data-full-url=\"https:\/\/olimpijski.pl\/wp-content\/uploads\/2020\/10\/Iwona-Cur-2016.jpg\" data-link=\"https:\/\/olimpijski.pl\/centrum-olimpijskie\/galeria-minus-jeden\/iwona-cur-2016-2\/#main\" class=\"wp-image-29977\" srcset=\"https:\/\/olimpijski.pl\/wp-content\/uploads\/2020\/10\/Iwona-Cur-2016-1024x683.jpg 1024w, https:\/\/olimpijski.pl\/wp-content\/uploads\/2020\/10\/Iwona-Cur-2016-300x200.jpg 300w, https:\/\/olimpijski.pl\/wp-content\/uploads\/2020\/10\/Iwona-Cur-2016-768x512.jpg 768w, https:\/\/olimpijski.pl\/wp-content\/uploads\/2020\/10\/Iwona-Cur-2016-1536x1024.jpg 1536w, https:\/\/olimpijski.pl\/wp-content\/uploads\/2020\/10\/Iwona-Cur-2016-600x400.jpg 600w, https:\/\/olimpijski.pl\/wp-content\/uploads\/2020\/10\/Iwona-Cur-2016-1200x800.jpg 1200w, https:\/\/olimpijski.pl\/wp-content\/uploads\/2020\/10\/Iwona-Cur-2016.jpg 2048w\" sizes=\"(max-width: 1024px) 100vw, 1024px\" \/><\/figure><\/li><li class=\"blocks-gallery-item\"><figure><img loading=\"lazy\" decoding=\"async\" width=\"850\" height=\"567\" src=\"https:\/\/olimpijski.pl\/wp-content\/uploads\/2020\/10\/Joanna-Mlacka-2013.jpg\" alt=\"\" data-id=\"29983\" data-full-url=\"https:\/\/olimpijski.pl\/wp-content\/uploads\/2020\/10\/Joanna-Mlacka-2013.jpg\" data-link=\"https:\/\/olimpijski.pl\/centrum-olimpijskie\/galeria-minus-jeden\/joanna-mlacka-2013\/#main\" class=\"wp-image-29983\" srcset=\"https:\/\/olimpijski.pl\/wp-content\/uploads\/2020\/10\/Joanna-Mlacka-2013.jpg 850w, https:\/\/olimpijski.pl\/wp-content\/uploads\/2020\/10\/Joanna-Mlacka-2013-300x200.jpg 300w, https:\/\/olimpijski.pl\/wp-content\/uploads\/2020\/10\/Joanna-Mlacka-2013-768x512.jpg 768w, https:\/\/olimpijski.pl\/wp-content\/uploads\/2020\/10\/Joanna-Mlacka-2013-600x400.jpg 600w\" sizes=\"(max-width: 850px) 100vw, 850px\" \/><\/figure><\/li><\/ul><\/figure>\n\n\n\n<figure class=\"wp-block-gallery columns-3 is-cropped wp-block-gallery-2 is-layout-flex wp-block-gallery-is-layout-flex\"><ul class=\"blocks-gallery-grid\"><li class=\"blocks-gallery-item\"><figure><img loading=\"lazy\" decoding=\"async\" width=\"1024\" height=\"768\" src=\"https:\/\/olimpijski.pl\/wp-content\/uploads\/2020\/10\/Zapiecek-2008-1024x768.jpg\" alt=\"\" data-id=\"29994\" data-full-url=\"https:\/\/olimpijski.pl\/wp-content\/uploads\/2020\/10\/Zapiecek-2008.jpg\" data-link=\"https:\/\/olimpijski.pl\/centrum-olimpijskie\/galeria-minus-jeden\/zapiecek-2008-2\/#main\" class=\"wp-image-29994\" srcset=\"https:\/\/olimpijski.pl\/wp-content\/uploads\/2020\/10\/Zapiecek-2008-1024x768.jpg 1024w, https:\/\/olimpijski.pl\/wp-content\/uploads\/2020\/10\/Zapiecek-2008-300x225.jpg 300w, https:\/\/olimpijski.pl\/wp-content\/uploads\/2020\/10\/Zapiecek-2008-768x576.jpg 768w, https:\/\/olimpijski.pl\/wp-content\/uploads\/2020\/10\/Zapiecek-2008-1536x1152.jpg 1536w, https:\/\/olimpijski.pl\/wp-content\/uploads\/2020\/10\/Zapiecek-2008.jpg 2048w\" sizes=\"(max-width: 1024px) 100vw, 1024px\" \/><\/figure><\/li><li class=\"blocks-gallery-item\"><figure><img loading=\"lazy\" decoding=\"async\" width=\"1024\" height=\"820\" src=\"https:\/\/olimpijski.pl\/wp-content\/uploads\/2020\/10\/Mateusz-Sikora-2015-1024x820.jpg\" alt=\"\" data-id=\"29992\" data-full-url=\"https:\/\/olimpijski.pl\/wp-content\/uploads\/2020\/10\/Mateusz-Sikora-2015.jpg\" data-link=\"https:\/\/olimpijski.pl\/centrum-olimpijskie\/galeria-minus-jeden\/mateusz-sikora-2015-2\/#main\" class=\"wp-image-29992\" srcset=\"https:\/\/olimpijski.pl\/wp-content\/uploads\/2020\/10\/Mateusz-Sikora-2015-1024x820.jpg 1024w, https:\/\/olimpijski.pl\/wp-content\/uploads\/2020\/10\/Mateusz-Sikora-2015-300x240.jpg 300w, https:\/\/olimpijski.pl\/wp-content\/uploads\/2020\/10\/Mateusz-Sikora-2015-768x615.jpg 768w, https:\/\/olimpijski.pl\/wp-content\/uploads\/2020\/10\/Mateusz-Sikora-2015-1536x1230.jpg 1536w, https:\/\/olimpijski.pl\/wp-content\/uploads\/2020\/10\/Mateusz-Sikora-2015.jpg 2048w\" sizes=\"(max-width: 1024px) 100vw, 1024px\" \/><\/figure><\/li><li class=\"blocks-gallery-item\"><figure><img loading=\"lazy\" decoding=\"async\" width=\"1024\" height=\"705\" src=\"https:\/\/olimpijski.pl\/wp-content\/uploads\/2020\/10\/Martin-Nielaba-2013-1024x705.jpg\" alt=\"\" data-id=\"29990\" data-full-url=\"https:\/\/olimpijski.pl\/wp-content\/uploads\/2020\/10\/Martin-Nielaba-2013.jpg\" data-link=\"https:\/\/olimpijski.pl\/centrum-olimpijskie\/galeria-minus-jeden\/martin-nielaba-2013-2\/#main\" class=\"wp-image-29990\" srcset=\"https:\/\/olimpijski.pl\/wp-content\/uploads\/2020\/10\/Martin-Nielaba-2013-1024x705.jpg 1024w, https:\/\/olimpijski.pl\/wp-content\/uploads\/2020\/10\/Martin-Nielaba-2013-300x206.jpg 300w, https:\/\/olimpijski.pl\/wp-content\/uploads\/2020\/10\/Martin-Nielaba-2013-768x528.jpg 768w, https:\/\/olimpijski.pl\/wp-content\/uploads\/2020\/10\/Martin-Nielaba-2013-1536x1057.jpg 1536w, https:\/\/olimpijski.pl\/wp-content\/uploads\/2020\/10\/Martin-Nielaba-2013.jpg 2048w\" sizes=\"(max-width: 1024px) 100vw, 1024px\" \/><\/figure><\/li><li class=\"blocks-gallery-item\"><figure><img loading=\"lazy\" decoding=\"async\" width=\"1024\" height=\"670\" src=\"https:\/\/olimpijski.pl\/wp-content\/uploads\/2020\/10\/Katarzyna-Stanny-2016-1024x670.jpg\" alt=\"\" data-id=\"29986\" data-full-url=\"https:\/\/olimpijski.pl\/wp-content\/uploads\/2020\/10\/Katarzyna-Stanny-2016.jpg\" data-link=\"https:\/\/olimpijski.pl\/centrum-olimpijskie\/galeria-minus-jeden\/katarzyna-stanny-2016-2\/#main\" class=\"wp-image-29986\" srcset=\"https:\/\/olimpijski.pl\/wp-content\/uploads\/2020\/10\/Katarzyna-Stanny-2016-1024x670.jpg 1024w, https:\/\/olimpijski.pl\/wp-content\/uploads\/2020\/10\/Katarzyna-Stanny-2016-300x196.jpg 300w, https:\/\/olimpijski.pl\/wp-content\/uploads\/2020\/10\/Katarzyna-Stanny-2016-768x502.jpg 768w, https:\/\/olimpijski.pl\/wp-content\/uploads\/2020\/10\/Katarzyna-Stanny-2016-1536x1004.jpg 1536w, https:\/\/olimpijski.pl\/wp-content\/uploads\/2020\/10\/Katarzyna-Stanny-2016-870x570.jpg 870w, https:\/\/olimpijski.pl\/wp-content\/uploads\/2020\/10\/Katarzyna-Stanny-2016.jpg 2048w\" sizes=\"(max-width: 1024px) 100vw, 1024px\" \/><\/figure><\/li><li class=\"blocks-gallery-item\"><figure><img loading=\"lazy\" decoding=\"async\" width=\"1024\" height=\"686\" src=\"https:\/\/olimpijski.pl\/wp-content\/uploads\/2020\/10\/Janusz-Knorowski-2013-1024x686.jpg\" alt=\"\" data-id=\"29979\" data-full-url=\"https:\/\/olimpijski.pl\/wp-content\/uploads\/2020\/10\/Janusz-Knorowski-2013.jpg\" data-link=\"https:\/\/olimpijski.pl\/centrum-olimpijskie\/galeria-minus-jeden\/janusz-knorowski-2013-2\/#main\" class=\"wp-image-29979\" srcset=\"https:\/\/olimpijski.pl\/wp-content\/uploads\/2020\/10\/Janusz-Knorowski-2013-1024x686.jpg 1024w, https:\/\/olimpijski.pl\/wp-content\/uploads\/2020\/10\/Janusz-Knorowski-2013-300x201.jpg 300w, https:\/\/olimpijski.pl\/wp-content\/uploads\/2020\/10\/Janusz-Knorowski-2013-768x514.jpg 768w, https:\/\/olimpijski.pl\/wp-content\/uploads\/2020\/10\/Janusz-Knorowski-2013-1536x1028.jpg 1536w, https:\/\/olimpijski.pl\/wp-content\/uploads\/2020\/10\/Janusz-Knorowski-2013.jpg 2048w\" sizes=\"(max-width: 1024px) 100vw, 1024px\" \/><\/figure><\/li><\/ul><\/figure>\n\n\n\n<p><\/p>\n\n\n\n<hr class=\"wp-block-separator is-style-wide\"\/>\n","protected":false},"excerpt":{"rendered":"<p>\u201cIf you haven\u2019t come here yet, then please do so as soon as you can. If you have, then please come again.\u201d<\/p>\n","protected":false},"author":15,"featured_media":0,"parent":35209,"menu_order":0,"comment_status":"closed","ping_status":"closed","template":"","meta":{"_acf_changed":false,"ub_ctt_via":"","footnotes":""},"class_list":{"0":"post-35837","1":"page","2":"type-page","3":"status-publish","5":"infinite-scroll-item","6":"no-featured-image-padding"},"acf":{"special_bg_img":false,"hide_breadcrumbs":[]},"featured_image_src":null,"_links":{"self":[{"href":"https:\/\/olimpijski.pl\/en\/wp-json\/wp\/v2\/pages\/35837"}],"collection":[{"href":"https:\/\/olimpijski.pl\/en\/wp-json\/wp\/v2\/pages"}],"about":[{"href":"https:\/\/olimpijski.pl\/en\/wp-json\/wp\/v2\/types\/page"}],"author":[{"embeddable":true,"href":"https:\/\/olimpijski.pl\/en\/wp-json\/wp\/v2\/users\/15"}],"replies":[{"embeddable":true,"href":"https:\/\/olimpijski.pl\/en\/wp-json\/wp\/v2\/comments?post=35837"}],"version-history":[{"count":3,"href":"https:\/\/olimpijski.pl\/en\/wp-json\/wp\/v2\/pages\/35837\/revisions"}],"predecessor-version":[{"id":35884,"href":"https:\/\/olimpijski.pl\/en\/wp-json\/wp\/v2\/pages\/35837\/revisions\/35884"}],"up":[{"embeddable":true,"href":"https:\/\/olimpijski.pl\/en\/wp-json\/wp\/v2\/pages\/35209"}],"wp:attachment":[{"href":"https:\/\/olimpijski.pl\/en\/wp-json\/wp\/v2\/media?parent=35837"}],"curies":[{"name":"wp","href":"https:\/\/api.w.org\/{rel}","templated":true}]}}