{"id":35890,"date":"2020-11-17T14:50:02","date_gmt":"2020-11-17T13:50:02","guid":{"rendered":"https:\/\/olimpijski.pl\/?page_id=35890"},"modified":"2020-11-17T14:50:34","modified_gmt":"2020-11-17T13:50:34","slug":"exhibitions-schedule-2021","status":"publish","type":"page","link":"https:\/\/olimpijski.pl\/en\/the-olympic-center\/the-galeria-1\/exhibitions-schedule-2021\/","title":{"rendered":"Exhibitions schedule 2021"},"content":{"rendered":"\r\n<h1 class=\"main-title wp-block-heading\"><strong>Exhibitions schedule<\/strong> 2021<\/h1>\r\n\r\n\r\n<div class=\"wp-block-ub-content-toggle wp-block-ub-content-toggle-block\" id=\"ub-content-toggle-block-ce2855bc-68e3-454f-b69a-9e77e0ae0daf\" data-mobilecollapse=\"false\" data-desktopcollapse=\"false\" data-preventcollapse=\"false\" data-showonlyone=\"false\">\r\n\r\n<div class=\"wp-block-ub-content-toggle-accordion\" style=\"border-color: #f1f1f1;\" id=\"ub-content-toggle-panel-block-\">\n\t\t\t<div class=\"wp-block-ub-content-toggle-accordion-title-wrap\" style=\"background-color: #f1f1f1;\" aria-controls=\"ub-content-toggle-panel-0-ce2855bc-68e3-454f-b69a-9e77e0ae0daf\" tabindex=\"0\">\n\t\t\t<p class=\"wp-block-ub-content-toggle-accordion-title ub-content-toggle-title-ce2855bc-68e3-454f-b69a-9e77e0ae0daf\" style=\"color: #000000; \"><\/p>\n\t\t\t<div class=\"wp-block-ub-content-toggle-accordion-toggle-wrap right\" style=\"color: #000000;\"><span class=\"wp-block-ub-content-toggle-accordion-state-indicator wp-block-ub-chevron-down open\"><\/span><\/div>\n\t\t<\/div>\n\t\t\t<div role=\"region\" aria-expanded=\"true\" class=\"wp-block-ub-content-toggle-accordion-content-wrap\" id=\"ub-content-toggle-panel-0-ce2855bc-68e3-454f-b69a-9e77e0ae0daf\">\r\n\r\n\r\n<p>\u00a0<\/p>\r\n\r\n\r\n\r\n<p><strong>Totalizator Sportowy<\/strong> <strong>11.01.-25.02.<\/strong><\/p>\r\n\r\n\r\n\r\n<p><strong>Prof. Wojciech Hora (holography)<br><\/strong>26.02. assembly<br>27.02. vernissage<br>29.03. disassembly<\/p>\r\n\r\n\r\n\r\n<p><strong>Olga Cygan (relief)<\/strong><br>30.03. assembly<br>31.03. vernissage<br>19.04. disassembly<\/p>\r\n\r\n\r\n\r\n<p><strong>Prof. S\u0142awomir Lipnicki<\/strong> \u00a0<strong>(sports painting)<\/strong><br>20.04. assembly<br>21.04. vernissage<br>28.05. disassembly<\/p>\r\n\r\n\r\n\r\n<p><strong>Atelier Graines d\u2019Artistes (exhibition of children&#8217;s works)<\/strong><br>29.05. assembly<br>30.05. vernissage<br>06.06. disassembly<\/p>\r\n\r\n\r\n\r\n<p><strong>Piotr Szulkowski (painting)<\/strong><br>07.06. assembly<br>08.06. vernissage<br>09.07. disassembly<\/p>\r\n\r\n\r\n\r\n<p><strong>Museum of Sports and Tourism 12.07.-22.08.<\/strong><\/p>\r\n\r\n\r\n\r\n<p><strong>Katarzyna Marciniak, Krzysztof J\u0119drzejczak, Pawe\u0142 Korab Kowalski, Jakub S\u0142omkowski, Darek Engel \u2013 film\u00a0(collective multimedia exhibition)<\/strong><br>24.08. assembly<br>25.08. vernissage<br>13.09. disassembly<\/p>\r\n\r\n\r\n\r\n<p><strong>Leszek Jampolski (painting)<\/strong><br>14.09. assembly<br>15.09. vernissage<br>04.10. disassembly<\/p>\r\n\r\n\r\n\r\n<p><strong>Ewa Trafna (painting)<\/strong><br>05.10. assembly<br>06.10. vernissage<br>25.10. disassembly<\/p>\r\n\r\n\r\n\r\n<p><strong>Prof. Prot Jarnuszkiewicz and students (photography\/film)<\/strong><br>26.10. assembly<br>27.10. vernissage<br>15.11. disassembly<\/p>\r\n\r\n\r\n\r\n<p><strong>Izabela Maciusowicz and Katarzyna Ferworn-Horawa (photography and painting)<\/strong><br>16.11. assembly<br>17.11. vernissage<br>10.12. disassembly<\/p>\r\n\r\n\r\n\r\n<p><strong>Young Art Compass 2021<\/strong><br>11.12. assembly<br>12.12. vernissage<\/p>\r\n<\/div>\n\t\t<\/div><\/div>","protected":false},"excerpt":{"rendered":"<p>Exhibitions schedule 2021<\/p>\n","protected":false},"author":15,"featured_media":0,"parent":35837,"menu_order":0,"comment_status":"closed","ping_status":"closed","template":"","meta":{"_acf_changed":false,"ub_ctt_via":"","footnotes":""},"class_list":{"0":"post-35890","1":"page","2":"type-page","3":"status-publish","5":"infinite-scroll-item","6":"no-featured-image-padding"},"acf":{"special_bg_img":false,"hide_breadcrumbs":[]},"featured_image_src":null,"_links":{"self":[{"href":"https:\/\/olimpijski.pl\/en\/wp-json\/wp\/v2\/pages\/35890"}],"collection":[{"href":"https:\/\/olimpijski.pl\/en\/wp-json\/wp\/v2\/pages"}],"about":[{"href":"https:\/\/olimpijski.pl\/en\/wp-json\/wp\/v2\/types\/page"}],"author":[{"embeddable":true,"href":"https:\/\/olimpijski.pl\/en\/wp-json\/wp\/v2\/users\/15"}],"replies":[{"embeddable":true,"href":"https:\/\/olimpijski.pl\/en\/wp-json\/wp\/v2\/comments?post=35890"}],"version-history":[{"count":2,"href":"https:\/\/olimpijski.pl\/en\/wp-json\/wp\/v2\/pages\/35890\/revisions"}],"predecessor-version":[{"id":35892,"href":"https:\/\/olimpijski.pl\/en\/wp-json\/wp\/v2\/pages\/35890\/revisions\/35892"}],"up":[{"embeddable":true,"href":"https:\/\/olimpijski.pl\/en\/wp-json\/wp\/v2\/pages\/35837"}],"wp:attachment":[{"href":"https:\/\/olimpijski.pl\/en\/wp-json\/wp\/v2\/media?parent=35890"}],"curies":[{"name":"wp","href":"https:\/\/api.w.org\/{rel}","templated":true}]}}