{"id":35961,"date":"2020-11-19T09:11:55","date_gmt":"2020-11-19T08:11:55","guid":{"rendered":"https:\/\/olimpijski.pl\/?page_id=35961"},"modified":"2021-05-20T09:26:57","modified_gmt":"2021-05-20T07:26:57","slug":"history","status":"publish","type":"page","link":"https:\/\/olimpijski.pl\/en\/pkol\/about-us\/history\/","title":{"rendered":"History"},"content":{"rendered":"\n<h1 class=\"main-title wp-block-heading\">History and <strong>activity<\/strong><\/h1>\n\n\n\n<p>&nbsp;<\/p>\n\n\n\n<h2 class=\"wp-block-heading\"><strong>Establishment of the Polish Olympic Committee<\/strong><\/h2>\n\n\n\n<p>The Committee for the Polish Participation in the Olympic Games was convened in the conference room of the Hotel Francuski in Krakow on October 12, 1919. It included Ludwik Christelbauer, Kazimierz Hemerling, Stanis\u0142aw Kopczy\u0144ski, Tadeusz Kuchar, Mieczys\u0142aw Or\u0142owicz, W\u0142adys\u0142aw Osmolski, Stanis\u0142aw Polakiewicz, and Henryk Szot-Jeziorowski. It was primarily decided to set up sports associations in the most popular disciplines, and to send a Polish, \u201dexpedition\u2019\u2019, as it was then called, to the Olympic Games in Antwerp.<\/p>\n\n\n\n<div class=\"wp-block-image\"><figure class=\"aligncenter size-large\"><img loading=\"lazy\" decoding=\"async\" width=\"1024\" height=\"700\" src=\"https:\/\/olimpijski.pl\/wp-content\/uploads\/2020\/09\/Hotel_Francuski-1024x700.jpg\" alt=\"\" class=\"wp-image-25542\" srcset=\"https:\/\/olimpijski.pl\/wp-content\/uploads\/2020\/09\/Hotel_Francuski-1024x700.jpg 1024w, https:\/\/olimpijski.pl\/wp-content\/uploads\/2020\/09\/Hotel_Francuski-300x205.jpg 300w, https:\/\/olimpijski.pl\/wp-content\/uploads\/2020\/09\/Hotel_Francuski-768x525.jpg 768w, https:\/\/olimpijski.pl\/wp-content\/uploads\/2020\/09\/Hotel_Francuski.jpg 1200w\" sizes=\"(max-width: 1024px) 100vw, 1024px\" \/><\/figure><\/div>\n\n\n\n<p>The Chief of State, J\u00f3zef Pi\u0142sudski, assumed patronage of the committee, thereby confirming his interest in physical education and sport, while naming the honorary presidents was entrusted to General J\u00f3zef Haller and the Minister of Public Health, Dr. Tomasz Janiszewski. The Committee Charter, which adopted the name Polish Olympic Games Committee (POGC), was accepted in December that year. The Board comprised Prince Stefan Lubomirski (President), Stanis\u0142aw Polakiewicz and Tadeusz Garczy\u0144ski (Vice-presidents), Henryk Szot-Jeziorowski (Secretary General), and Jerzy Kowalewski (Treasurer). The POGC immediately submitted an application for Poland to join the International Olympic Committee. Poland thus became a fully-fledged member of the Olympic family. The name Polish Olympic Committee (POC) was adopted in 1925 and is still in use.<\/p>\n\n\n\n<p>The POGC immediately began to work intensively on preparing our team to compete in the 1920 Antwerp Olympics. Special departments were established for each sports discipline. These included representatives of the committee, sports associations, and sports clubs and societies. It was through them that the POC selected Olympic candidates, obtained temporary exemptions from military service for them, organized eight specialized training centers for individual sports disciplines, and conducted qualifying competitions. The POC also set up a Press and Propaganda Department to disseminate the Olympic idea and publicize the ongoing preparations. The team was accordingly ready to start, but the Polish-Bolshevik war was still being fought on Polish soil. The trip to Belgium was therefore canceled due to the necessity of deploying all available resources in defense of the state. The decision was conveyed to the participants on the opening day of the Games, and Poland only participated symbolically by marching in the parade.<\/p>\n\n\n\n<h2 class=\"wp-block-heading\"><strong>First starts<\/strong><\/h2>\n\n\n\n<p>Our first official start in the Olympic Games did not take place until 1924. Only a very small Polish team participated in the Winter Sports Week in Chamonix, which was later recognized as the First Winter Olympic Games. However, 78 Poles competed in 10 disciplines at the Games of the VIII Olympiad in Paris. Since then, Polish athletes have competed in every Olympiad, with the exception of Los Angeles in 1984, when, under the influence of the position adopted by the then political authorities, the POC joined the boycott of this event.<\/p>\n\n\n\n<p>Some 3,000 Poles competed in the Games between 1924 and 2018, while more than 100 artists entered the Olympic Art Competitions. Hundreds competed twice, and dozens have competed at least three times. The record goes to fencer Jerzy Paw\u0142owski and shooter Adam Smelczy\u0144ski, both of whom competed six times. Our most successful athlete, Irena Szewi\u0144ska, competed five times and won seven medals. Walker Robert Korzeniowski won the most gold medals (4). Cross-country skier Justyna Kowalczyk stood on the podium five times (our Winter Olympics record), winning 2 gold, 1 silver, and 2 bronze medals.<\/p>\n\n\n\n<p>The gallery of famous Polish Olympic medallists was opened in Paris on July 27, 1924 in Paris by Adam Kr\u00f3likiewicz, who won the bronze medal in the individual jumping competition on his horse Picador, and the four equestrians who won the silver medal in the men\u2019s team pursuit, viz. J\u00f3zef Lange, Jan \u0141azarski, Tomasz Stankiewicz, and Franciszek Szymczyk.<\/p>\n\n\n\n<h2 class=\"wp-block-heading\"><strong>Olympians during the war<\/strong><\/h2>\n\n\n\n<p>The Polish Olympians distinguished themselves during World War II. They heroically participated in the Defensive War of September 1939. They later organized sports competitions in defiance of the Nazi occupiers\u2019 prohibitions on playing sport, backed by threats of reprisals. Polish Olympians fought in the resistance movement, the Warsaw Uprising, and on all war fronts. Many of them were killed in action or murdered. Polish sport and the Polish Olympic movement suffered enormous and irretrievable personal and material losses during World War II.<\/p>\n\n\n\n<h2 class=\"wp-block-heading\"><strong>Poland in the international Olympic Movement<\/strong><\/h2>\n\n\n\n<p>The POC has maintained contact with the IOC since its inception. The POC\u2019s active participation is evidenced by the rollcall of Polish IOC members. These are (chronologically): Stefan Lubomirski (1921-23); Kazimierz Lubomirski (1923\u201330); Ignacy Matuszewski (1928\u201339); Stanis\u0142aw Rouppert (1931\u201346); Jerzy Loth (1948\u201361); W\u0142odzimierz Reczek (1960\u201397); and Irena Szewi\u0144ska (1998\u20132018). Poland has hosted IOC sessions twice (1937 and 1969), and six of the nine IOC presidents have visited the country, viz. Henri de Baillet-Latour, Avery Brundage, Michael Killanin, Juan Antonio Samaranch (on several occasions), Jacques Rogge (Doctor Honoris Causa, Academy of Physical Education in Warsaw) and Thomas Bach (Doctor Honoris Causa, University of Gda\u0144sk). In 1969, the POC, as one of the few national Olympic committees, was presented the Olympic Cup in recognition of its achievements, while a dozen or so active members were awarded Olympic Order.<\/p>\n\n\n\n<p>Former POC President Marian Renke served as Secretary General of the Association of National Olympic Committees (ANOC). Former ANOC Director Janusz Piewcewicz served as Secretary General of the International Fair Play Committee (CIFP). Former POC President Piotr Nurowski was a member of the Executive Committee of the Association of European Olympic Committees (EOC). The current POC President, Andrzej Kra\u015bnicki is a member of the EOC Executive Committee and the IOC Athletes\u2019 Entourage Commission.<\/p>\n\n\n\n<p>POC members also participate in the work of the EOC commission (Andrzej Kra\u015bnicki \u2013 Environment and Sport for All, Adam Krzesi\u0144ski \u2013 Olympic Games, Luiza Z\u0142otkowska \u2013 Competition, Environment, and Sport for All, Jerzy Wenderlich \u2013 Olympic Culture and Heritage). POC president Andrzej Kra\u015bnicki is also a member of the ANOC Executive Council.<\/p>\n\n\n\n<h2 class=\"wp-block-heading\"><strong>The main task of the Polish Olympic Committee<\/strong><\/h2>\n\n\n\n<p>POC is responsible for the organization and logistics of securing the participation of our teams in the summer and winter Olympic Games, summer and winter Youth Olympic Games, summer and winter European Youth Olympic Festival, European Games, [ANOC] World Beach Games. It includes submitting and carrying out the participants\u2019 accreditation procedure, providing them with transport to and from the Olympic Games, equipping them with sport and official outfits, organizing medical care, team insurance, and providing, in close cooperation with Sponsors cash prizes for Olympic medallists.<\/p>\n\n\n\n<p><br><br><\/p>\n\n\n\n<div class=\"wp-block-group\"><div class=\"wp-block-group__inner-container is-layout-flow wp-block-group-is-layout-flow\">\n<p>&nbsp;<\/p>\n\n\n\n<p class=\"has-text-align-center team-heading has-text-color\" style=\"color:#a09362\"><strong><strong>Presidents of the Polish Olympic Committee<\/strong><\/strong><\/p>\n\n\n\n<div class=\"wp-block-columns is-layout-flex wp-container-core-columns-is-layout-1 wp-block-columns-is-layout-flex\">\n<div class=\"wp-block-column is-layout-flow wp-block-column-is-layout-flow\">\n<figure class=\"wp-block-responsive-lightbox-remote-library-image rl-image wp-block-image prezes-img-b\"><img decoding=\"async\" src=\"https:\/\/olimpijski.pl\/wp-content\/uploads\/2020\/10\/003_lubomirski_stefanm-810x1024-1.jpg\"\/><\/figure>\n\n\n\n<p class=\"has-text-align-center\"><strong>Stefan Lubomirski<\/strong><br>(1919\u20131923)<\/p>\n<\/div>\n\n\n\n<div class=\"wp-block-column is-layout-flow wp-block-column-is-layout-flow\">\n<figure class=\"wp-block-responsive-lightbox-remote-library-image rl-image wp-block-image prezes-img-b\"><img decoding=\"async\" src=\"https:\/\/olimpijski.pl\/wp-content\/uploads\/2020\/10\/001_lubomirski_kazimierzm-810x1024-1.jpg\"\/><\/figure>\n\n\n\n<p class=\"has-text-align-center\"><strong>Kazimierz Lubomirski<\/strong><br>(1923\u20131929)<\/p>\n<\/div>\n\n\n\n<div class=\"wp-block-column is-layout-flow wp-block-column-is-layout-flow\">\n<figure class=\"wp-block-responsive-lightbox-remote-library-image rl-image wp-block-image prezes-img-b\"><img decoding=\"async\" src=\"https:\/\/olimpijski.pl\/wp-content\/uploads\/2020\/10\/002_glabiszm-810x1024-1.jpg\"\/><\/figure>\n\n\n\n<p class=\"has-text-align-center\"><strong>Kazimierz Glabisz<\/strong><br>(1929\u20131939)<\/p>\n<\/div>\n\n\n\n<div class=\"wp-block-column is-layout-flow wp-block-column-is-layout-flow\">\n<figure class=\"wp-block-responsive-lightbox-remote-library-image rl-image wp-block-image prezes-img-b\"><img decoding=\"async\" src=\"https:\/\/olimpijski.pl\/wp-content\/uploads\/2020\/10\/004_lothm-810x1024-1.jpg\"\/><\/figure>\n\n\n\n<p class=\"has-text-align-center\"><strong>Alfred Loth<\/strong><br>(1946\u20131952)<\/p>\n<\/div>\n<\/div>\n\n\n\n<div class=\"wp-block-columns is-layout-flex wp-container-core-columns-is-layout-2 wp-block-columns-is-layout-flex\">\n<div class=\"wp-block-column is-layout-flow wp-block-column-is-layout-flow\">\n<figure class=\"wp-block-responsive-lightbox-remote-library-image rl-image wp-block-image\"><img decoding=\"async\" src=\"https:\/\/olimpijski.pl\/wp-content\/uploads\/2020\/10\/005_reczekm-811x1024-1.jpg\"\/><\/figure>\n\n\n\n<p class=\"has-text-align-center\"><strong>W\u0142odzimierz Reczek<\/strong><br>(1953\u20131973)<\/p>\n<\/div>\n\n\n\n<div class=\"wp-block-column is-layout-flow wp-block-column-is-layout-flow\">\n<figure class=\"wp-block-responsive-lightbox-remote-library-image rl-image wp-block-image\"><img decoding=\"async\" src=\"https:\/\/olimpijski.pl\/wp-content\/uploads\/2020\/10\/006_kapitanm-810x1024-1.jpg\"\/><\/figure>\n\n\n\n<p class=\"has-text-align-center\"><strong>Boles\u0142aw Kapitan<\/strong><br>(1973\u20131978)<\/p>\n<\/div>\n\n\n\n<div class=\"wp-block-column is-layout-flow wp-block-column-is-layout-flow\">\n<figure class=\"wp-block-responsive-lightbox-remote-library-image rl-image wp-block-image\"><img decoding=\"async\" src=\"https:\/\/olimpijski.pl\/wp-content\/uploads\/2020\/10\/007_renkem-810x1024-1.jpg\"\/><\/figure>\n\n\n\n<p class=\"has-text-align-center\"><strong>Marian Renke<\/strong><br>(1978\u20131986)<\/p>\n<\/div>\n\n\n\n<div class=\"wp-block-column is-layout-flow wp-block-column-is-layout-flow\">\n<figure class=\"wp-block-responsive-lightbox-remote-library-image rl-image wp-block-image\"><img decoding=\"async\" src=\"https:\/\/olimpijski.pl\/wp-content\/uploads\/2020\/10\/008_kwasniewskim-810x1024-1.jpg\"\/><\/figure>\n\n\n\n<p class=\"has-text-align-center\"><strong><strong>Aleksander Kwa\u015bniewski<\/strong><\/strong><br>(1988\u20131991)<\/p>\n<\/div>\n<\/div>\n\n\n\n<div class=\"wp-block-columns is-layout-flex wp-container-core-columns-is-layout-3 wp-block-columns-is-layout-flex\">\n<div class=\"wp-block-column is-layout-flow wp-block-column-is-layout-flow\">\n<figure class=\"wp-block-responsive-lightbox-remote-library-image rl-image wp-block-image\"><img decoding=\"async\" src=\"https:\/\/olimpijski.pl\/wp-content\/uploads\/2020\/10\/009_szalewiczm-811x1024-1.jpg\"\/><\/figure>\n\n\n\n<p class=\"has-text-align-center\"><strong>Andrzej Szalewicz<\/strong><br>(1991\u20131997)<\/p>\n<\/div>\n\n\n\n<div class=\"wp-block-column is-layout-flow wp-block-column-is-layout-flow\">\n<figure class=\"wp-block-responsive-lightbox-remote-library-image rl-image wp-block-image\"><img decoding=\"async\" src=\"https:\/\/olimpijski.pl\/wp-content\/uploads\/2020\/10\/010_paszczykm-811x1024-1.jpg\"\/><\/figure>\n\n\n\n<p class=\"has-text-align-center\"><strong>Stanis\u0142aw Stefan Paszczyk<\/strong><br>(1997\u20132005)<\/p>\n<\/div>\n\n\n\n<div class=\"wp-block-column is-layout-flow wp-block-column-is-layout-flow\">\n<figure class=\"wp-block-responsive-lightbox-remote-library-image rl-image wp-block-image\"><img decoding=\"async\" src=\"https:\/\/olimpijski.pl\/wp-content\/uploads\/2020\/10\/011_nurowskim-811x1024-1.jpg\"\/><\/figure>\n\n\n\n<p class=\"has-text-align-center\"><strong>Piotr Nurowski<\/strong><br>(2005\u20132010)<\/p>\n<\/div>\n\n\n\n<div class=\"wp-block-column is-layout-flow wp-block-column-is-layout-flow\">\u00a0<\/div>\n<\/div>\n\n\n\n<p>&nbsp;<\/p>\n\n\n\n<div class=\"wp-block-columns is-layout-flex wp-container-core-columns-is-layout-4 wp-block-columns-is-layout-flex\">\n<div class=\"wp-block-column is-layout-flow wp-block-column-is-layout-flow\">\n<div class=\"wp-block-image\"><figure class=\"aligncenter size-large is-resized\"><img loading=\"lazy\" decoding=\"async\" src=\"https:\/\/olimpijski.pl\/wp-content\/uploads\/2020\/10\/a_krasnicki_portretm-775x1024-1.jpg\" alt=\"\" class=\"wp-image-31346\" width=\"286\" height=\"377\" srcset=\"https:\/\/olimpijski.pl\/wp-content\/uploads\/2020\/10\/a_krasnicki_portretm-775x1024-1.jpg 775w, https:\/\/olimpijski.pl\/wp-content\/uploads\/2020\/10\/a_krasnicki_portretm-775x1024-1-227x300.jpg 227w, https:\/\/olimpijski.pl\/wp-content\/uploads\/2020\/10\/a_krasnicki_portretm-775x1024-1-768x1015.jpg 768w\" sizes=\"(max-width: 286px) 100vw, 286px\" \/><\/figure><\/div>\n\n\n\n<p class=\"has-text-align-center foot-kras-head\"><strong>Andrzej Kra\u015bnicki<\/strong><br>(from 2010)<\/p>\n<\/div>\n\n\n\n<div class=\"wp-block-column is-layout-flow wp-block-column-is-layout-flow\"><\/div>\n<\/div>\n<\/div><\/div>\n\n\n\n<div class=\"wp-block-group\"><div class=\"wp-block-group__inner-container is-layout-flow wp-block-group-is-layout-flow\"><div  class=\"wp-block-ultimate-post-heading ultp-block-809dab\"><div class=\"ultp-block-wrapper\"><div class=\"ultp-heading-wrap ultp-heading-style9 ultp-heading-left\"><h2 class=\"ultp-heading-inner\"><span>Secretaries General of the Polish Olympic Committee<\/span><\/h2><\/div><\/div><\/div>\n\n\n<div class=\"wp-block-columns foot-sec is-layout-flex wp-container-core-columns-is-layout-5 wp-block-columns-is-layout-flex\">\n<div class=\"wp-block-column is-layout-flow wp-block-column-is-layout-flow\">\n<p class=\"sgp-text\">Henryk Szot-Jeziorowski (1919\u20131921)<br>Adam Mryc (1922\u20131923)<br>Marian Strzelecki (1923\u20131924)<br>Jerzy Gi\u017cycki (1924\u20131925)<br>Wincenty Skotnicki (1925\u20131926)<br>Mieczys\u0142aw Or\u0142owicz (1926\u20131929)<br>Walenty Fory\u015b (1930\u20131939)<br>Tomasz Lempart (1953\u20131963)<\/p>\n<\/div>\n\n\n\n<div class=\"wp-block-column is-layout-flow wp-block-column-is-layout-flow\">\n<p class=\"sgp-text\">Leonard Grze\u015bkowiak (1964\u20131968)<br>Tadeusz Bregu\u0142a (1969\u20131972)<br>Stanis\u0142aw Dr\u0105\u017cd\u017cewski (1972\u20131980)<br>Janusz Pawluk (1981\u20131988)<br>Zygmunt Szulc (1989\u20131991)<br>Tadeusz Wr\u00f3blewski (1991\u20131997)<br>Janusz Tatera (1997\u20132005)<br>Adam Krzesi\u0144ski (from 2005)<\/p>\n<\/div>\n<\/div>\n<\/div><\/div>\n","protected":false},"excerpt":{"rendered":"<p>History and activity &nbsp; Establishment of the Polish Olympic Committee The Committee for the Polish Participation in the Olympic Games was convened<\/p>\n","protected":false},"author":15,"featured_media":0,"parent":35127,"menu_order":0,"comment_status":"closed","ping_status":"closed","template":"","meta":{"_acf_changed":false,"ub_ctt_via":"","footnotes":""},"class_list":{"0":"post-35961","1":"page","2":"type-page","3":"status-publish","5":"infinite-scroll-item","6":"no-featured-image-padding"},"acf":{"special_bg_img":false,"hide_breadcrumbs":[]},"featured_image_src":null,"_links":{"self":[{"href":"https:\/\/olimpijski.pl\/en\/wp-json\/wp\/v2\/pages\/35961"}],"collection":[{"href":"https:\/\/olimpijski.pl\/en\/wp-json\/wp\/v2\/pages"}],"about":[{"href":"https:\/\/olimpijski.pl\/en\/wp-json\/wp\/v2\/types\/page"}],"author":[{"embeddable":true,"href":"https:\/\/olimpijski.pl\/en\/wp-json\/wp\/v2\/users\/15"}],"replies":[{"embeddable":true,"href":"https:\/\/olimpijski.pl\/en\/wp-json\/wp\/v2\/comments?post=35961"}],"version-history":[{"count":9,"href":"https:\/\/olimpijski.pl\/en\/wp-json\/wp\/v2\/pages\/35961\/revisions"}],"predecessor-version":[{"id":42126,"href":"https:\/\/olimpijski.pl\/en\/wp-json\/wp\/v2\/pages\/35961\/revisions\/42126"}],"up":[{"embeddable":true,"href":"https:\/\/olimpijski.pl\/en\/wp-json\/wp\/v2\/pages\/35127"}],"wp:attachment":[{"href":"https:\/\/olimpijski.pl\/en\/wp-json\/wp\/v2\/media?parent=35961"}],"curies":[{"name":"wp","href":"https:\/\/api.w.org\/{rel}","templated":true}]}}